{"id":33,"date":"2018-10-30T09:43:00","date_gmt":"2018-10-30T08:43:00","guid":{"rendered":"http:\/\/www.endotherm.ch\/WP\/mensch\/?page_id=33"},"modified":"2024-08-22T11:55:18","modified_gmt":"2024-08-22T09:55:18","slug":"reisen","status":"publish","type":"page","link":"https:\/\/mens.ch\/?page_id=33","title":{"rendered":"Reisen"},"content":{"rendered":"<p>2024: <a href=\"https:\/\/tiny-2024.blogspot.com\/\">T\u00f6rn von Kiel ans n\u00f6rdliche Ende der Ostsee II (Stockholm bis T\u00f6re und zur\u00fcck nach Stockholm)<\/a><br \/>\n2023: <a href=\"https:\/\/tiny-2023.blogspot.com\">T\u00f6rn von Kiel ans n\u00f6rdliche Ende der Ostsee I (Kiel bis Stockholm)<\/a><br \/>\n2022: <a href=\"https:\/\/tiny-2022.blogspot.com\">Testt\u00f6rn von Kiel nach Kiel\u00a0<\/a><br \/>\n2021: <a href=\"https:\/\/tiny-2021.blogspot.com\">T\u00f6rn von der Schlei bis Kerteminde und (unter Motor wegen Masthaverie) zur\u00fcck nach Kiel <\/a><br \/>\n2020: <a href=\"https:\/\/tiny-2020.blogspot.com\">T\u00f6rn von Fehmarn \u00fcber Kattegat in die Schlei (mit Seenotruf)<\/a><br \/>\n2019: <a href=\"https:\/\/tiny-2019.blogspot.com\">T\u00f6rn von Stockholm \u00fcber Wismar nach Fehmarn<\/a><br \/>\n2018: <a href=\"https:\/\/tiny-sailing.blogspot.com\">T\u00f6rn von Basel nach Stockholm<\/a><br \/>\n2017: <a href=\"http:\/\/www.mens.ch\/WP\/\/wp-content\/uploads\/sites\/4\/2018\/08\/T\u00f6rn-zwischen-D\u00e4nemark-und-Schweden.pdf\">T\u00f6rn zwischen D\u00e4nemark und Schweden<\/a><br \/>\n2015-2018: <a href=\"https:\/\/segelbootbau.blogspot.com\">Bau der Segelyacht<\/a><br \/>\n2011: <a href=\"https:\/\/heertschprivat.blogspot.com\/\">Reise mit dem Liegetandem nach Rum\u00e4nien<\/a><\/p>\n","protected":false},"excerpt":{"rendered":"<p>2024: T\u00f6rn von Kiel ans n\u00f6rdliche Ende der Ostsee II (Stockholm bis T\u00f6re und zur\u00fcck nach Stockholm) 2023: T\u00f6rn von Kiel ans n\u00f6rdliche Ende der Ostsee I (Kiel bis Stockholm) 2022: Testt\u00f6rn von Kiel nach Kiel\u00a0 2021: T\u00f6rn von der<span class=\"ellipsis\">&hellip;<\/span><\/p>\n<div class=\"read-more\"><a href=\"https:\/\/mens.ch\/?page_id=33\">Weiterlesen <span class=\"screen-reader-text\">Reisen<\/span><span class=\"meta-nav\"> &#8250;<\/span><\/a><\/div>\n<p><!-- end of .read-more --><\/p>\n","protected":false},"author":1,"featured_media":0,"parent":0,"menu_order":0,"comment_status":"closed","ping_status":"closed","template":"page-templates\/full-width-page.php","meta":{"_bbp_topic_count":0,"_bbp_reply_count":0,"_bbp_total_topic_count":0,"_bbp_total_reply_count":0,"_bbp_voice_count":0,"_bbp_anonymous_reply_count":0,"_bbp_topic_count_hidden":0,"_bbp_reply_count_hidden":0,"_bbp_forum_subforum_count":0,"footnotes":""},"class_list":["post-33","page","type-page","status-publish","hentry"],"_links":{"self":[{"href":"https:\/\/mens.ch\/index.php?rest_route=\/wp\/v2\/pages\/33","targetHints":{"allow":["GET"]}}],"collection":[{"href":"https:\/\/mens.ch\/index.php?rest_route=\/wp\/v2\/pages"}],"about":[{"href":"https:\/\/mens.ch\/index.php?rest_route=\/wp\/v2\/types\/page"}],"author":[{"embeddable":true,"href":"https:\/\/mens.ch\/index.php?rest_route=\/wp\/v2\/users\/1"}],"replies":[{"embeddable":true,"href":"https:\/\/mens.ch\/index.php?rest_route=%2Fwp%2Fv2%2Fcomments&post=33"}],"version-history":[{"count":44,"href":"https:\/\/mens.ch\/index.php?rest_route=\/wp\/v2\/pages\/33\/revisions"}],"predecessor-version":[{"id":450,"href":"https:\/\/mens.ch\/index.php?rest_route=\/wp\/v2\/pages\/33\/revisions\/450"}],"wp:attachment":[{"href":"https:\/\/mens.ch\/index.php?rest_route=%2Fwp%2Fv2%2Fmedia&parent=33"}],"curies":[{"name":"wp","href":"https:\/\/api.w.org\/{rel}","templated":true}]}}