{"id":209,"date":"2022-11-09T11:02:33","date_gmt":"2022-11-09T10:02:33","guid":{"rendered":"https:\/\/mens.ch\/?page_id=209"},"modified":"2022-11-09T11:02:33","modified_gmt":"2022-11-09T10:02:33","slug":"blut-oder-kupfermond","status":"publish","type":"page","link":"https:\/\/mens.ch\/?page_id=209","title":{"rendered":"Blut- oder Kupfermond"},"content":{"rendered":"<div class=\"wp-block-image\">\n<figure class=\"alignright size-large is-resized\"><img loading=\"lazy\" decoding=\"async\" src=\"https:\/\/upload.wikimedia.org\/wikipedia\/commons\/9\/94\/Lunar_eclipse_September_27_2015_greatest_Alfredo_Garcia_Jr.jpg\" alt=\"\" width=\"302\" height=\"303\"\/><figcaption>Totale Mondfinsternis (Quelle Wikipedia)<\/figcaption><\/figure>\n<\/div>\n\n\n<p>Bei einer totalen Mondfinsternis schimmert der Mond rot auf, was zu den Bezeichnungen Blutmond oder Kupfermond gef\u00fchrt hat. Wie kommt das?<\/p>\n\n\n\n<p><a href=\"https:\/\/de.wikipedia.org\/wiki\/Mondfinsternis#Arten_von_Mondfinsternissen\">Wikipedia<\/a> dazu: &#8222;Das durch die Luftschichten der Erdatmosph\u00e4re fallende Sonnenlicht wird nach innen gebrochen, wobei vor allem die kurzwelligen blauen Anteile durch Streuung geschw\u00e4cht werden. Daher wird der Mond auch im Kernschatten der Erde noch von den langwelligen roten Anteilen erreicht und bleibt schwach sichtbar.&#8220;<\/p>\n\n\n\n<p>Das bleibt ziemlich abstrakt. Anschaulich kann man sich fragen: Was sieht man vom Mond aus bei einer Sonnenfinsternis durch die Erde?<\/p>\n\n\n\n<p>Die Erde ist vom Mond aus gesehen 4 mal gr\u00f6sser als der Mond von der Erde aus gesehen. Die Sonne wird dadurch l\u00e4nger als 1h  total verdeckt. Aber man sieht vom Mond aus die von der Sonne durchleuchtete Erdatmosph\u00e4re. Also mit anderen Worten: \u00dcberall einen Sonnenauf- bzw. Untergang rund um die Erde, soweit nicht Wolken diesen rot strahlenden Ring unterbrechen.<\/p>\n\n\n\n<h2 class=\"wp-block-heading\">Erkl\u00e4rung des Ph\u00e4nomens<\/h2>\n\n\n\n<p>Dass das m\u00f6glich ist, h\u00e4ngt mit der Brechung der Erdatmosph\u00e4re zusammen. Als es noch keine GPS-Satelliten f\u00fcr die Navigation gab, wurden in der Seefahrt Gestirnsh\u00f6hen mit dem Sextanten gemessen. Hier gibt es eine Beschickung: Eine Korrektur der Gestirnsh\u00f6he in Abh\u00e4ngigkeit vom Abstand vom Horizont. Wenn also die Sonne gerade am Untergehen ist, ist sie geometrisch bereits einen Sonnendruchmesser (34&#8242;) unter dem Horizont. Da ein Licht (Sonne) durch Tr\u00fcbe (Atmosph\u00e4re) rot erscheint, sehen wir eine rot untergehende (eigentlich schon untergegangene) Sonne. Wenn wir einen (fast) Vollmond auf der anderen Seite rot aufgehen sehen, so ist auch dieser aus gleichen Gr\u00fcnden ebenfalls rot und ebenfalls einen Monddurchmesser unterhalb des Horizontes. Vom Mond aus gesehen ist also die Sonne bereits 1\u00b0 (2 Sonnendurchmesser) unterhalb des Horizontes.<\/p>\n\n\n\n<p>Und nun gibt es ein Wunder: Der Mond hat gerade den richtigen Abstand zur Erde um diese tiefen Sonnenunterg\u00e4nge zu sehen. Mit anderen Worten: Die Erde wirft immer einen solchen roten Kegelmantel in den Weltraum: nur wenn man sich auf der Kegelfl\u00e4che befindet, sieht man (in einem Segment der Erdoberfll\u00e4che) einen roten Sonnenuntergang. Aber der Mond befindet sich genau an der Kegelspitze (im &#8222;Brenn&#8220;punkt). Dadurch sieht er einen rundum geschlossenen Strahlenkranz und schimmert also seinerseits rot auf. Der Blutmond ist also der Wiederschein der Erd&#8220;corona&#8220;.<\/p>\n\n\n\n<figure class=\"wp-block-image size-full\"><img loading=\"lazy\" decoding=\"async\" width=\"974\" height=\"290\" src=\"https:\/\/mens.ch\/wp-content\/uploads\/sites\/4\/2022\/11\/Blutmond.png\" alt=\"\" class=\"wp-image-210\" srcset=\"https:\/\/mens.ch\/wp-content\/uploads\/sites\/4\/2022\/11\/Blutmond.png 974w, https:\/\/mens.ch\/wp-content\/uploads\/sites\/4\/2022\/11\/Blutmond-300x89.png 300w, https:\/\/mens.ch\/wp-content\/uploads\/sites\/4\/2022\/11\/Blutmond-768x229.png 768w, https:\/\/mens.ch\/wp-content\/uploads\/sites\/4\/2022\/11\/Blutmond-100x30.png 100w, https:\/\/mens.ch\/wp-content\/uploads\/sites\/4\/2022\/11\/Blutmond-150x45.png 150w, https:\/\/mens.ch\/wp-content\/uploads\/sites\/4\/2022\/11\/Blutmond-200x60.png 200w, https:\/\/mens.ch\/wp-content\/uploads\/sites\/4\/2022\/11\/Blutmond-450x134.png 450w, https:\/\/mens.ch\/wp-content\/uploads\/sites\/4\/2022\/11\/Blutmond-600x179.png 600w, https:\/\/mens.ch\/wp-content\/uploads\/sites\/4\/2022\/11\/Blutmond-900x268.png 900w, https:\/\/mens.ch\/wp-content\/uploads\/sites\/4\/2022\/11\/Blutmond-400x119.png 400w\" sizes=\"auto, (max-width: 974px) 100vw, 974px\" \/><figcaption>Strahlenkranz der Erde von der Seite gesehen (Strahleng\u00e4nge sind nicht massst\u00e4blich)<\/figcaption><\/figure>\n","protected":false},"excerpt":{"rendered":"<p>Bei einer totalen Mondfinsternis schimmert der Mond rot auf, was zu den Bezeichnungen Blutmond oder Kupfermond gef\u00fchrt hat. Wie kommt das? Wikipedia dazu: &#8222;Das durch die Luftschichten der Erdatmosph\u00e4re fallende Sonnenlicht wird nach innen gebrochen, wobei vor allem die kurzwelligen<span class=\"ellipsis\">&hellip;<\/span><\/p>\n<div class=\"read-more\"><a href=\"https:\/\/mens.ch\/?page_id=209\">Weiterlesen <span class=\"screen-reader-text\">Blut- oder Kupfermond<\/span><span class=\"meta-nav\"> &#8250;<\/span><\/a><\/div>\n<p><!-- end of .read-more --><\/p>\n","protected":false},"author":1,"featured_media":0,"parent":0,"menu_order":0,"comment_status":"closed","ping_status":"closed","template":"","meta":{"_bbp_topic_count":0,"_bbp_reply_count":0,"_bbp_total_topic_count":0,"_bbp_total_reply_count":0,"_bbp_voice_count":0,"_bbp_anonymous_reply_count":0,"_bbp_topic_count_hidden":0,"_bbp_reply_count_hidden":0,"_bbp_forum_subforum_count":0,"footnotes":""},"class_list":["post-209","page","type-page","status-publish","hentry"],"_links":{"self":[{"href":"https:\/\/mens.ch\/index.php?rest_route=\/wp\/v2\/pages\/209","targetHints":{"allow":["GET"]}}],"collection":[{"href":"https:\/\/mens.ch\/index.php?rest_route=\/wp\/v2\/pages"}],"about":[{"href":"https:\/\/mens.ch\/index.php?rest_route=\/wp\/v2\/types\/page"}],"author":[{"embeddable":true,"href":"https:\/\/mens.ch\/index.php?rest_route=\/wp\/v2\/users\/1"}],"replies":[{"embeddable":true,"href":"https:\/\/mens.ch\/index.php?rest_route=%2Fwp%2Fv2%2Fcomments&post=209"}],"version-history":[{"count":1,"href":"https:\/\/mens.ch\/index.php?rest_route=\/wp\/v2\/pages\/209\/revisions"}],"predecessor-version":[{"id":211,"href":"https:\/\/mens.ch\/index.php?rest_route=\/wp\/v2\/pages\/209\/revisions\/211"}],"wp:attachment":[{"href":"https:\/\/mens.ch\/index.php?rest_route=%2Fwp%2Fv2%2Fmedia&parent=209"}],"curies":[{"name":"wp","href":"https:\/\/api.w.org\/{rel}","templated":true}]}}