{"id":155,"date":"2022-10-26T15:08:25","date_gmt":"2022-10-26T13:08:25","guid":{"rendered":"https:\/\/mens.ch\/?page_id=155"},"modified":"2022-11-02T15:37:14","modified_gmt":"2022-11-02T14:37:14","slug":"partielle-sonnenfinsternis-25-10-22","status":"publish","type":"page","link":"https:\/\/mens.ch\/?page_id=155","title":{"rendered":"Partielle Sonnenfinsternis 25.10.22"},"content":{"rendered":"\n<p>Heute ist von 11:17 bis 13:17 eine partielle Sonnenfinsternis. Hier (Dornach\/Basel\/CH) mit 23% Bedeckung im Maximum. Der Wetterbericht verheisst ein wolkenfreies Fenster, sodass beschlossen habe, meinen Italienisch-Unterricht direkt vorher abzusagen. Weitere Vor\u00fcberlegung: Wo will ich meine Teleskope aufstellen. Nachdem ich verschiedene Standorte \u00fcberlegt habe, habe ich mich doch f\u00fcr auf dem Dach entschlossen. Das ist verbunden mit einem Zentner Teleskop vom Keller in den dritten Stock zu hieven (ohne Lift!). Das Dach ist nicht ideal, weil jede Bewegung zu einer Vibration des Bodens f\u00fchrt, die ihrerseits das Bild im Teleskop zum Schwingen bringt. Ausserdem ist es nat\u00fcrlich ziemlich anstrengend, all das Material hoch zu schleppen und dann \u00fcber die Dachschindeln auf das Flachdach, dass unseren Eingang als Gaube bildet, zu balancieren.<\/p>\n\n\n<div class=\"wp-block-image\">\n<figure class=\"alignright size-large is-resized\"><img loading=\"lazy\" decoding=\"async\" src=\"https:\/\/mens.ch\/wp-content\/uploads\/sites\/4\/2022\/10\/20221025_093545-576x1024.jpg\" alt=\"\" class=\"wp-image-150\" width=\"288\" height=\"512\" srcset=\"https:\/\/mens.ch\/wp-content\/uploads\/sites\/4\/2022\/10\/20221025_093545-576x1024.jpg 576w, https:\/\/mens.ch\/wp-content\/uploads\/sites\/4\/2022\/10\/20221025_093545-169x300.jpg 169w, https:\/\/mens.ch\/wp-content\/uploads\/sites\/4\/2022\/10\/20221025_093545-768x1365.jpg 768w, https:\/\/mens.ch\/wp-content\/uploads\/sites\/4\/2022\/10\/20221025_093545-864x1536.jpg 864w, https:\/\/mens.ch\/wp-content\/uploads\/sites\/4\/2022\/10\/20221025_093545-1152x2048.jpg 1152w, https:\/\/mens.ch\/wp-content\/uploads\/sites\/4\/2022\/10\/20221025_093545-100x178.jpg 100w, https:\/\/mens.ch\/wp-content\/uploads\/sites\/4\/2022\/10\/20221025_093545-150x267.jpg 150w, https:\/\/mens.ch\/wp-content\/uploads\/sites\/4\/2022\/10\/20221025_093545-200x356.jpg 200w, https:\/\/mens.ch\/wp-content\/uploads\/sites\/4\/2022\/10\/20221025_093545-300x533.jpg 300w, https:\/\/mens.ch\/wp-content\/uploads\/sites\/4\/2022\/10\/20221025_093545-450x800.jpg 450w, https:\/\/mens.ch\/wp-content\/uploads\/sites\/4\/2022\/10\/20221025_093545-600x1067.jpg 600w, https:\/\/mens.ch\/wp-content\/uploads\/sites\/4\/2022\/10\/20221025_093545-900x1600.jpg 900w, https:\/\/mens.ch\/wp-content\/uploads\/sites\/4\/2022\/10\/20221025_093545-1250x2222.jpg 1250w, https:\/\/mens.ch\/wp-content\/uploads\/sites\/4\/2022\/10\/20221025_093545-400x711.jpg 400w, https:\/\/mens.ch\/wp-content\/uploads\/sites\/4\/2022\/10\/20221025_093545-rotated.jpg 1440w\" sizes=\"auto, (max-width: 288px) 100vw, 288px\" \/><\/figure>\n<\/div>\n\n\n<p>Egal, das habe ich gestern schon erledigt, was heute Nacht (mehrere Regenschauer) das ganze Equipment noch geduscht hat. (Es war deshalb in einem Plastiksack geborgen). Da ich sowohl die Sonnenkorona (ihre \u201eOberfl\u00e4che\u201c) wie auch die Photosph\u00e4re (ihre \u201eAtmosph\u00e4re\u201c) beobachten und filmen will, brauche ich zwei Teleskope:<\/p>\n\n\n\n<ul class=\"wp-block-list\"><li>Mein grosses Meade 10\u201c Schmid-Cassegrin Teleskop. (mit Zentner-Gewicht)<\/li><li>Mein kleines PST (Personal Solar Telescope) mit dem schmalbandigen Filter sorgt daf\u00fcr, dass nur noch der Wasserstoff sichtbar bleibt. Damit kann man dann Flares und Protuperanzen sichtbar machen. <\/li><\/ul>\n\n\n\n<p>Dummer Weise ist am Vorabend die Montierung f\u00fcr PST kaputt gegangen, sodass ich heute Morgen das PST mit Spannb\u00e4ndern (!) am Meade befestigen muss. Eine Fummelarbeit, weil die beiden ja genau parallel sein m\u00fcssen.<\/p>\n\n\n\n<p>Am Ende sieht mein Equipment so aus: Meade mit Digital-Kamera und angebunden PST mit Astrokamera und \u201eBackoffice\u201c (Notebook). Die Kamera ist eine ziemlich alte: Ich werde ihren Ausl\u00f6ser von Hand 2712 mal in den 2 Stunden bet\u00e4tigen.<\/p>\n\n\n<div class=\"wp-block-image\">\n<figure class=\"aligncenter size-large\"><img loading=\"lazy\" decoding=\"async\" width=\"1024\" height=\"576\" src=\"https:\/\/mens.ch\/wp-content\/uploads\/sites\/4\/2022\/10\/20221025_084052-1024x576.jpg\" alt=\"\" class=\"wp-image-156\" srcset=\"https:\/\/mens.ch\/wp-content\/uploads\/sites\/4\/2022\/10\/20221025_084052-1024x576.jpg 1024w, https:\/\/mens.ch\/wp-content\/uploads\/sites\/4\/2022\/10\/20221025_084052-300x169.jpg 300w, https:\/\/mens.ch\/wp-content\/uploads\/sites\/4\/2022\/10\/20221025_084052-768x432.jpg 768w, https:\/\/mens.ch\/wp-content\/uploads\/sites\/4\/2022\/10\/20221025_084052-1536x864.jpg 1536w, https:\/\/mens.ch\/wp-content\/uploads\/sites\/4\/2022\/10\/20221025_084052-2048x1152.jpg 2048w, https:\/\/mens.ch\/wp-content\/uploads\/sites\/4\/2022\/10\/20221025_084052-100x56.jpg 100w, https:\/\/mens.ch\/wp-content\/uploads\/sites\/4\/2022\/10\/20221025_084052-150x84.jpg 150w, https:\/\/mens.ch\/wp-content\/uploads\/sites\/4\/2022\/10\/20221025_084052-200x113.jpg 200w, https:\/\/mens.ch\/wp-content\/uploads\/sites\/4\/2022\/10\/20221025_084052-450x253.jpg 450w, https:\/\/mens.ch\/wp-content\/uploads\/sites\/4\/2022\/10\/20221025_084052-600x338.jpg 600w, https:\/\/mens.ch\/wp-content\/uploads\/sites\/4\/2022\/10\/20221025_084052-900x506.jpg 900w, https:\/\/mens.ch\/wp-content\/uploads\/sites\/4\/2022\/10\/20221025_084052-1250x703.jpg 1250w, https:\/\/mens.ch\/wp-content\/uploads\/sites\/4\/2022\/10\/20221025_084052-400x225.jpg 400w\" sizes=\"auto, (max-width: 1024px) 100vw, 1024px\" \/><figcaption>Drohender Nebel aus dem Laufental<\/figcaption><\/figure>\n<\/div>\n\n\n<p>Allerdings kommt aus dem Laufental Nebel\u2026.<\/p>\n\n\n\n<p>Mit zunehmender Sonne und etwas Wind l\u00f6st der sich aber wieder auf. Gegen 11:00 starte ich meine Aufnahmen (alle 3-5 sec. auf den Ausl\u00f6ser dr\u00fccken) und auch die Astrokamera via Notebook. Auf welche Seite wird der Mond die Sonne verdecken? Sollte ich ja wissen k\u00f6nnen, weiss ich aber nicht. Immerhin konnte ich die Brennweite des Meade soweit verk\u00fcrzen, dass die Sonne \u201ein die Kamera passt\u201c. Beim PST muss ich einen Kompromiss schliessen: Ich bekomme das Bild nicht in die Mitte der Kamera. (Die Spannb\u00e4nder lassen sich nicht gen\u00fcgend festziehen und ich will den Tubus des Meade auch nicht zerquetschen.)<\/p>\n\n\n\n<p>Langsam zeigt sich der Mondschatten am oberen Rand und nimmt ebenso langsam zu.<\/p>\n\n\n\n<p>Hier sieht man die ganze Sequenz in voller Aufl\u00f6sung (leider nicht ganz scharf, aber man kann die Sonnenflecken noch sehen)<\/p>\n\n\n\n<figure class=\"wp-block-embed is-type-video is-provider-youtube wp-block-embed-youtube wp-embed-aspect-4-3 wp-has-aspect-ratio\"><div class=\"wp-block-embed__wrapper\">\n<iframe loading=\"lazy\" title=\"Sonnenfinsternis\" width=\"750\" height=\"563\" src=\"https:\/\/www.youtube.com\/embed\/LE8yZeFgV9g?feature=oembed\" frameborder=\"0\" allow=\"accelerometer; autoplay; clipboard-write; encrypted-media; gyroscope; picture-in-picture\" allowfullscreen><\/iframe>\n<\/div><\/figure>\n\n\n\n<p><\/p>\n\n\n\n<p>Wenn man das Bild nachsch\u00e4rft, sieht man die Sonnenflecken und ihre Umgebung besser:<\/p>\n\n\n\n<figure class=\"wp-block-image size-full is-resized\"><img loading=\"lazy\" decoding=\"async\" src=\"https:\/\/mens.ch\/wp-content\/uploads\/sites\/4\/2022\/11\/Sonne-geschaerft.png\" alt=\"\" class=\"wp-image-203\" width=\"845\" height=\"788\" srcset=\"https:\/\/mens.ch\/wp-content\/uploads\/sites\/4\/2022\/11\/Sonne-geschaerft.png 538w, https:\/\/mens.ch\/wp-content\/uploads\/sites\/4\/2022\/11\/Sonne-geschaerft-300x280.png 300w, https:\/\/mens.ch\/wp-content\/uploads\/sites\/4\/2022\/11\/Sonne-geschaerft-100x93.png 100w, https:\/\/mens.ch\/wp-content\/uploads\/sites\/4\/2022\/11\/Sonne-geschaerft-150x140.png 150w, https:\/\/mens.ch\/wp-content\/uploads\/sites\/4\/2022\/11\/Sonne-geschaerft-200x187.png 200w, https:\/\/mens.ch\/wp-content\/uploads\/sites\/4\/2022\/11\/Sonne-geschaerft-450x420.png 450w, https:\/\/mens.ch\/wp-content\/uploads\/sites\/4\/2022\/11\/Sonne-geschaerft-400x373.png 400w\" sizes=\"auto, (max-width: 845px) 100vw, 845px\" \/><\/figure>\n\n\n\n<p>Etwa beim Maximum gibt es auf dem Notebook eine Fehlermeldung: Wie sich nachher herausstellt, die gesamte Bildsequenz wird nicht gespeichert! Deshalb mache ich nun 60 sec. Sequenzen. Eine ziemliche Herausforderung:<\/p>\n\n\n\n<ul class=\"wp-block-list\"><li>Die helle Sonne l\u00e4sst den Bildschirm blass erscheinen<\/li><li>Wegen meiner polarisierende Sonnenbrille muss ich den Kopf schr\u00e4g halten, damit ich \u00fcberhaupt etwas sehe. Um in der Sonne nicht zu verdampfen habe ich mir gestern noch ein (ziemlich) lichtdichtes Tuch gekauft, das ich \u00fcber Kopf und Notebook geworfen habe.<\/li><li>Mit der linken Hand ziele ich mit der Infrarotsteuerung auf die Fotokamera um den Ausl\u00f6ser zu bet\u00e4tigen, mit der rechten Hand (im Halbdunkel) muss ich alle Minute eine Aufnahme-Sequenz neu starten.<\/li><\/ul>\n\n\n\n<p>Hier kommt eine Life-Sequenz im H alpha Licht. (Weinrot) Die Farben im Video sind zur besseren Sichtbarkeit nachgef\u00e4rbt. (Das Bild ist eigentlich einfarbig. Also zwischen grell weinrot und schwarz.)<\/p>\n\n\n\n<figure class=\"wp-block-embed is-type-video is-provider-youtube wp-block-embed-youtube wp-embed-aspect-4-3 wp-has-aspect-ratio\"><div class=\"wp-block-embed__wrapper\">\n<iframe loading=\"lazy\" title=\"Sonnenfinsternis im H alpha Licht\" width=\"750\" height=\"563\" src=\"https:\/\/www.youtube.com\/embed\/0BUnW9rK10o?feature=oembed\" frameborder=\"0\" allow=\"accelerometer; autoplay; clipboard-write; encrypted-media; gyroscope; picture-in-picture\" allowfullscreen><\/iframe>\n<\/div><\/figure>\n\n\n\n<p>die Folgende Sequenz ist ein Zeitraffer (von 11:42 bis 12:38) und zeigt den Durchgang des Mondes in dieser Zeit.<\/p>\n\n\n\n<figure class=\"wp-block-embed is-type-video is-provider-youtube wp-block-embed-youtube wp-embed-aspect-4-3 wp-has-aspect-ratio\"><div class=\"wp-block-embed__wrapper\">\n<iframe loading=\"lazy\" title=\"Sonnenfinsternis im H alpha Licht von 11:42 bis 12:38\" width=\"750\" height=\"563\" src=\"https:\/\/www.youtube.com\/embed\/oL7lc-tNAOM?feature=oembed\" frameborder=\"0\" allow=\"accelerometer; autoplay; clipboard-write; encrypted-media; gyroscope; picture-in-picture\" allowfullscreen><\/iframe>\n<\/div><\/figure>\n","protected":false},"excerpt":{"rendered":"<p>Heute ist von 11:17 bis 13:17 eine partielle Sonnenfinsternis. Hier (Dornach\/Basel\/CH) mit 23% Bedeckung im Maximum. Der Wetterbericht verheisst ein wolkenfreies Fenster, sodass beschlossen habe, meinen Italienisch-Unterricht direkt vorher abzusagen. Weitere Vor\u00fcberlegung: Wo will ich meine Teleskope aufstellen. Nachdem ich<span class=\"ellipsis\">&hellip;<\/span><\/p>\n<div class=\"read-more\"><a href=\"https:\/\/mens.ch\/?page_id=155\">Weiterlesen <span class=\"screen-reader-text\">Partielle Sonnenfinsternis 25.10.22<\/span><span class=\"meta-nav\"> &#8250;<\/span><\/a><\/div>\n<p><!-- end of .read-more --><\/p>\n","protected":false},"author":1,"featured_media":0,"parent":0,"menu_order":0,"comment_status":"closed","ping_status":"closed","template":"","meta":{"_bbp_topic_count":0,"_bbp_reply_count":0,"_bbp_total_topic_count":0,"_bbp_total_reply_count":0,"_bbp_voice_count":0,"_bbp_anonymous_reply_count":0,"_bbp_topic_count_hidden":0,"_bbp_reply_count_hidden":0,"_bbp_forum_subforum_count":0,"footnotes":""},"class_list":["post-155","page","type-page","status-publish","hentry"],"_links":{"self":[{"href":"https:\/\/mens.ch\/index.php?rest_route=\/wp\/v2\/pages\/155","targetHints":{"allow":["GET"]}}],"collection":[{"href":"https:\/\/mens.ch\/index.php?rest_route=\/wp\/v2\/pages"}],"about":[{"href":"https:\/\/mens.ch\/index.php?rest_route=\/wp\/v2\/types\/page"}],"author":[{"embeddable":true,"href":"https:\/\/mens.ch\/index.php?rest_route=\/wp\/v2\/users\/1"}],"replies":[{"embeddable":true,"href":"https:\/\/mens.ch\/index.php?rest_route=%2Fwp%2Fv2%2Fcomments&post=155"}],"version-history":[{"count":8,"href":"https:\/\/mens.ch\/index.php?rest_route=\/wp\/v2\/pages\/155\/revisions"}],"predecessor-version":[{"id":204,"href":"https:\/\/mens.ch\/index.php?rest_route=\/wp\/v2\/pages\/155\/revisions\/204"}],"wp:attachment":[{"href":"https:\/\/mens.ch\/index.php?rest_route=%2Fwp%2Fv2%2Fmedia&parent=155"}],"curies":[{"name":"wp","href":"https:\/\/api.w.org\/{rel}","templated":true}]}}